{"id":80,"date":"2018-11-15T11:42:36","date_gmt":"2018-11-15T11:42:36","guid":{"rendered":"http:\/\/demo.acmethemes.com\/restaurant-recipe\/?page_id=96"},"modified":"2023-07-08T22:42:05","modified_gmt":"2023-07-08T22:42:05","slug":"catering","status":"publish","type":"page","link":"https:\/\/arcobaleno-noma.hr\/hr\/catering\/","title":{"rendered":"Catering"},"content":{"rendered":"<p><span class=\"HwtZe\" lang=\"en\"><span class=\"jCAhz ChMk0b\"><span class=\"ryNqvb\">Like any good host, we offer a catering service for you, your guests and business partners for absolutely all types of events.<\/span><\/span> <span class=\"jCAhz ChMk0b\"><span class=\"ryNqvb\">We will turn your idea into fine and delicious dishes with a beautiful appearance. Call us with no hasitate!<\/span><\/span><\/span><\/p>","protected":false},"excerpt":{"rendered":"<p>Kao svaki dobar doma\u0107in, nudimo uslugu cateringa za Vas, Va\u0161e goste i poslovne partnere za apsolutno sve vrste doga\u0111anja. Va\u0161u ideju pretvorit \u0107emo u fina i ukusna jela lijepog izgleda. Kontaktirajte nas bez oklijevanja!<\/p>","protected":false},"author":2,"featured_media":0,"parent":0,"menu_order":0,"comment_status":"closed","ping_status":"closed","template":"","meta":{"footnotes":""},"class_list":["post-80","page","type-page","status-publish","hentry"],"_links":{"self":[{"href":"https:\/\/arcobaleno-noma.hr\/hr\/wp-json\/wp\/v2\/pages\/80","targetHints":{"allow":["GET"]}}],"collection":[{"href":"https:\/\/arcobaleno-noma.hr\/hr\/wp-json\/wp\/v2\/pages"}],"about":[{"href":"https:\/\/arcobaleno-noma.hr\/hr\/wp-json\/wp\/v2\/types\/page"}],"author":[{"embeddable":true,"href":"https:\/\/arcobaleno-noma.hr\/hr\/wp-json\/wp\/v2\/users\/2"}],"replies":[{"embeddable":true,"href":"https:\/\/arcobaleno-noma.hr\/hr\/wp-json\/wp\/v2\/comments?post=80"}],"version-history":[{"count":2,"href":"https:\/\/arcobaleno-noma.hr\/hr\/wp-json\/wp\/v2\/pages\/80\/revisions"}],"predecessor-version":[{"id":962,"href":"https:\/\/arcobaleno-noma.hr\/hr\/wp-json\/wp\/v2\/pages\/80\/revisions\/962"}],"wp:attachment":[{"href":"https:\/\/arcobaleno-noma.hr\/hr\/wp-json\/wp\/v2\/media?parent=80"}],"curies":[{"name":"wp","href":"https:\/\/api.w.org\/{rel}","templated":true}]}}