{"id":78,"date":"2018-11-15T11:42:46","date_gmt":"2018-11-15T11:42:46","guid":{"rendered":"http:\/\/demo.acmethemes.com\/restaurant-recipe\/?page_id=98"},"modified":"2023-07-09T21:00:05","modified_gmt":"2023-07-09T21:00:05","slug":"experience-and-passion","status":"publish","type":"page","link":"https:\/\/arcobaleno-noma.hr\/hr\/experience-and-passion\/","title":{"rendered":"Iskustvo i Strast"},"content":{"rendered":"<p><span class=\"HwtZe\" lang=\"en\"><span class=\"jCAhz ChMk0b\"><span class=\"ryNqvb\">We have directed many years of experience into passion and unconditional love to satisfy your taste buds.<\/span><\/span> <span class=\"jCAhz ChMk0b\"><span class=\"ryNqvb\">Sail with us into unique gastronomic specialties prepared for you by the excellent and dynamic team.<\/span><\/span> <span class=\"jCAhz ChMk0b\"><span class=\"ryNqvb\">Professionalism, kindness, passion and love adorns us, and most of all the friendship that we will achieve after your first visit.<\/span><\/span><\/span><\/p>","protected":false},"excerpt":{"rendered":"<p>Dugogodi\u0161nje iskustvo usmjerili smo u strast i bezuvjetnu ljubav kako bismo zadovoljili va\u0161e nepce. Zaplovite s nama u jedinstvene gastronomske specijalitete koje za vas priprema izvrstan i dinami\u010dan tim. Profesionalnost, ljubaznost, strast i ljubav nas krasi, a ponajvi\u0161e prijateljstvo koje \u0107emo ostvariti ve\u0107 nakon Va\u0161e prve posjete.<\/p>","protected":false},"author":2,"featured_media":0,"parent":0,"menu_order":0,"comment_status":"closed","ping_status":"closed","template":"","meta":{"footnotes":""},"class_list":["post-78","page","type-page","status-publish","hentry"],"_links":{"self":[{"href":"https:\/\/arcobaleno-noma.hr\/hr\/wp-json\/wp\/v2\/pages\/78","targetHints":{"allow":["GET"]}}],"collection":[{"href":"https:\/\/arcobaleno-noma.hr\/hr\/wp-json\/wp\/v2\/pages"}],"about":[{"href":"https:\/\/arcobaleno-noma.hr\/hr\/wp-json\/wp\/v2\/types\/page"}],"author":[{"embeddable":true,"href":"https:\/\/arcobaleno-noma.hr\/hr\/wp-json\/wp\/v2\/users\/2"}],"replies":[{"embeddable":true,"href":"https:\/\/arcobaleno-noma.hr\/hr\/wp-json\/wp\/v2\/comments?post=78"}],"version-history":[{"count":7,"href":"https:\/\/arcobaleno-noma.hr\/hr\/wp-json\/wp\/v2\/pages\/78\/revisions"}],"predecessor-version":[{"id":985,"href":"https:\/\/arcobaleno-noma.hr\/hr\/wp-json\/wp\/v2\/pages\/78\/revisions\/985"}],"wp:attachment":[{"href":"https:\/\/arcobaleno-noma.hr\/hr\/wp-json\/wp\/v2\/media?parent=78"}],"curies":[{"name":"wp","href":"https:\/\/api.w.org\/{rel}","templated":true}]}}