{"id":76,"date":"2018-11-15T11:42:57","date_gmt":"2018-11-15T11:42:57","guid":{"rendered":"http:\/\/demo.acmethemes.com\/restaurant-recipe\/?page_id=100"},"modified":"2023-07-08T22:54:41","modified_gmt":"2023-07-08T22:54:41","slug":"celebration","status":"publish","type":"page","link":"https:\/\/arcobaleno-noma.hr\/hr\/celebration\/","title":{"rendered":"Proslave"},"content":{"rendered":"<p><span class=\"HwtZe\" lang=\"en\"><span class=\"jCAhz ChMk0b\"><span class=\"ryNqvb\">Celebrations are an important part of life.<\/span><\/span> <span class=\"jCAhz ChMk0b\"><span class=\"ryNqvb\">Do you want to celebrate with good company and great food?<\/span><\/span> <span class=\"jCAhz ChMk0b\"><span class=\"ryNqvb\">We can organize a celebration for you &#8211; christening, graduation, birthday, engagement or super romantic dinner.<\/span><\/span> <span class=\"jCAhz ChMk0b\"><span class=\"ryNqvb\">Feel free to contact us &#8211; we have experience!<\/span><\/span><\/span><\/p>","protected":false},"excerpt":{"rendered":"<p>Proslave su va\u017ean dio \u017eivota. \u017delite li proslaviti uz dobro dru\u0161tvo i odli\u010dnu hranu? Za Vas mo\u017eemo organizirati proslavu \u2013 kr\u0161tenje, diplomu, ro\u0111endan, zaruke ili super romanti\u010dnu ve\u010deru. Slobodno nas kontaktirajte \u2013 imamo iskustva!<\/p>","protected":false},"author":2,"featured_media":0,"parent":0,"menu_order":0,"comment_status":"closed","ping_status":"closed","template":"","meta":{"footnotes":""},"class_list":["post-76","page","type-page","status-publish","hentry"],"_links":{"self":[{"href":"https:\/\/arcobaleno-noma.hr\/hr\/wp-json\/wp\/v2\/pages\/76","targetHints":{"allow":["GET"]}}],"collection":[{"href":"https:\/\/arcobaleno-noma.hr\/hr\/wp-json\/wp\/v2\/pages"}],"about":[{"href":"https:\/\/arcobaleno-noma.hr\/hr\/wp-json\/wp\/v2\/types\/page"}],"author":[{"embeddable":true,"href":"https:\/\/arcobaleno-noma.hr\/hr\/wp-json\/wp\/v2\/users\/2"}],"replies":[{"embeddable":true,"href":"https:\/\/arcobaleno-noma.hr\/hr\/wp-json\/wp\/v2\/comments?post=76"}],"version-history":[{"count":2,"href":"https:\/\/arcobaleno-noma.hr\/hr\/wp-json\/wp\/v2\/pages\/76\/revisions"}],"predecessor-version":[{"id":965,"href":"https:\/\/arcobaleno-noma.hr\/hr\/wp-json\/wp\/v2\/pages\/76\/revisions\/965"}],"wp:attachment":[{"href":"https:\/\/arcobaleno-noma.hr\/hr\/wp-json\/wp\/v2\/media?parent=76"}],"curies":[{"name":"wp","href":"https:\/\/api.w.org\/{rel}","templated":true}]}}