{"id":1160,"date":"2023-07-11T14:00:25","date_gmt":"2023-07-11T14:00:25","guid":{"rendered":"http:\/\/arcobaleno-noma.hr\/?page_id=1160"},"modified":"2023-07-11T14:10:38","modified_gmt":"2023-07-11T14:10:38","slug":"stela","status":"publish","type":"page","link":"https:\/\/arcobaleno-noma.hr\/hr\/stela\/","title":{"rendered":"Kreirala: Stela"},"content":{"rendered":"<p><strong>Izvor <a href=\"https:\/\/goo.gl\/maps\/pSVCN1BNXfyZfLWi7\" target=\"_blank\" rel=\"noopener\">Google Review<\/a><\/strong><\/p>\n<p><strong><em>Prekrasan ambijent,usluga izuzetna!<br \/>\nJako puno paznje se posve\u0107uje gostu, a hrana je pri\u010da za sebe!<br \/>\nNa svakom koraku i u svakom detalju se vidi da vole svoj posao i da ga rade s gu\u0161tom!Jako je bitno da mo\u017eete do\u0107i i na pi\u0107e ili pojesti hladno predjelo  bez straha da \u0107e vam zamjeriti, \u0161to ne jedete ne\u0161to \"konkretno\".Osjecamo se jako ugodno i dobrodoslo.Imaju besplatni parking u sklopu restorana.<br \/>\nDoalzimo \u010desto i nastavit \u0107emo dolaziti i dalje \u2764\ufe0f\u2764\ufe0f\u2764\ufe0f<\/em><\/strong><\/p>\n<p><strong><em>Hrana: 5\/5 | Usluga: 5\/5 | Ugo\u0111aj: 5\/5<\/em><\/strong><\/p>\n<p>Stella<\/p>\n<p><img decoding=\"async\" class=\"transparent\" src=\"https:\/\/lh3.googleusercontent.com\/a-\/AD_cMMT1rCqI6Rb2jJKeHNVHKirAEaK4KWURiGzSGRyMm3OwFhDZ=w36-h36-p-rp-mo-ba3-br100\" alt=\"https:\/\/lh3.googleusercontent.com\/a-\/AD_cMMT1rCqI6Rb2jJKeHNVHKirAEaK4KWURiGzSGRyMm3OwFhDZ=w36-h36-p-rp-mo-ba3-br100\" \/><\/p>","protected":false},"excerpt":{"rendered":"<p>From Google Review Beautiful ambience, exceptional service! A lot of attention is paid to the guest, and the food is a story for itself! At every step and in every detail, you can see that they love their work and that they do it with passion! It is very important that you can also come [&hellip;]<\/p>","protected":false},"author":2,"featured_media":1119,"parent":0,"menu_order":0,"comment_status":"closed","ping_status":"closed","template":"","meta":{"footnotes":""},"class_list":["post-1160","page","type-page","status-publish","has-post-thumbnail","hentry"],"_links":{"self":[{"href":"https:\/\/arcobaleno-noma.hr\/hr\/wp-json\/wp\/v2\/pages\/1160","targetHints":{"allow":["GET"]}}],"collection":[{"href":"https:\/\/arcobaleno-noma.hr\/hr\/wp-json\/wp\/v2\/pages"}],"about":[{"href":"https:\/\/arcobaleno-noma.hr\/hr\/wp-json\/wp\/v2\/types\/page"}],"author":[{"embeddable":true,"href":"https:\/\/arcobaleno-noma.hr\/hr\/wp-json\/wp\/v2\/users\/2"}],"replies":[{"embeddable":true,"href":"https:\/\/arcobaleno-noma.hr\/hr\/wp-json\/wp\/v2\/comments?post=1160"}],"version-history":[{"count":2,"href":"https:\/\/arcobaleno-noma.hr\/hr\/wp-json\/wp\/v2\/pages\/1160\/revisions"}],"predecessor-version":[{"id":1167,"href":"https:\/\/arcobaleno-noma.hr\/hr\/wp-json\/wp\/v2\/pages\/1160\/revisions\/1167"}],"wp:featuredmedia":[{"embeddable":true,"href":"https:\/\/arcobaleno-noma.hr\/hr\/wp-json\/wp\/v2\/media\/1119"}],"wp:attachment":[{"href":"https:\/\/arcobaleno-noma.hr\/hr\/wp-json\/wp\/v2\/media?parent=1160"}],"curies":[{"name":"wp","href":"https:\/\/api.w.org\/{rel}","templated":true}]}}