{"id":1130,"date":"2023-07-10T20:06:54","date_gmt":"2023-07-10T20:06:54","guid":{"rendered":"http:\/\/arcobaleno-noma.hr\/?page_id=1130"},"modified":"2023-07-10T20:15:59","modified_gmt":"2023-07-10T20:15:59","slug":"sam-c","status":"publish","type":"page","link":"https:\/\/arcobaleno-noma.hr\/hr\/sam-c\/","title":{"rendered":"Kreirao: Sam c"},"content":{"rendered":"<p><strong>Izvor <a href=\"https:\/\/www.tripadvisor.com\/Profile\/X4771RTsamc?fid=e9093a89-5383-4dd4-8062-6f28eb36c6ee\" target=\"_blank\" rel=\"noopener\">Tripadvisor<\/a><\/strong><\/p>\n<p><strong><em>Na obiteljskom smo odmoru dva tjedna u grupi od 13 ljudi. Jeli smo u jednom od 6 najbolje ocjenjenih restorana na TripAdvisoru u Medulinu, a zadnju ve\u010der vratili smo se u restoran jer smo uvjereni da je tu najbolja hrana koju smo jeli! Toplo preporu\u010dujem odrezak od tune. Usluga je bila fantasti\u010dna.<\/em><\/strong><\/p>\n<p>Sam c<br \/>\n<img loading=\"lazy\" decoding=\"async\" class=\"\" src=\"https:\/\/media-cdn.tripadvisor.com\/media\/photo-l\/1a\/f6\/e7\/3d\/default-avatar-2020-55.jpg\" alt=\"https:\/\/media-cdn.tripadvisor.com\/media\/photo-l\/1a\/f6\/e7\/3d\/default-avatar-2020-55.jpg\" width=\"60\" height=\"60\" \/><\/p>","protected":false},"excerpt":{"rendered":"<p>From Tripadvisor On a Family holiday for two weeks in group of 13. We ate out at the top 6 rated restaurant on TripAdvisor in the local area at one point or another and on the last night went back to dolphin blu as we all believed it was the best meal we had!, highly [&hellip;]<\/p>","protected":false},"author":2,"featured_media":1143,"parent":0,"menu_order":0,"comment_status":"closed","ping_status":"closed","template":"","meta":{"footnotes":""},"class_list":["post-1130","page","type-page","status-publish","has-post-thumbnail","hentry"],"_links":{"self":[{"href":"https:\/\/arcobaleno-noma.hr\/hr\/wp-json\/wp\/v2\/pages\/1130","targetHints":{"allow":["GET"]}}],"collection":[{"href":"https:\/\/arcobaleno-noma.hr\/hr\/wp-json\/wp\/v2\/pages"}],"about":[{"href":"https:\/\/arcobaleno-noma.hr\/hr\/wp-json\/wp\/v2\/types\/page"}],"author":[{"embeddable":true,"href":"https:\/\/arcobaleno-noma.hr\/hr\/wp-json\/wp\/v2\/users\/2"}],"replies":[{"embeddable":true,"href":"https:\/\/arcobaleno-noma.hr\/hr\/wp-json\/wp\/v2\/comments?post=1130"}],"version-history":[{"count":7,"href":"https:\/\/arcobaleno-noma.hr\/hr\/wp-json\/wp\/v2\/pages\/1130\/revisions"}],"predecessor-version":[{"id":1142,"href":"https:\/\/arcobaleno-noma.hr\/hr\/wp-json\/wp\/v2\/pages\/1130\/revisions\/1142"}],"wp:featuredmedia":[{"embeddable":true,"href":"https:\/\/arcobaleno-noma.hr\/hr\/wp-json\/wp\/v2\/media\/1143"}],"wp:attachment":[{"href":"https:\/\/arcobaleno-noma.hr\/hr\/wp-json\/wp\/v2\/media?parent=1130"}],"curies":[{"name":"wp","href":"https:\/\/api.w.org\/{rel}","templated":true}]}}