{"id":1114,"date":"2023-07-10T19:34:02","date_gmt":"2023-07-10T19:34:02","guid":{"rendered":"http:\/\/arcobaleno-noma.hr\/?page_id=1114"},"modified":"2023-07-11T14:06:20","modified_gmt":"2023-07-11T14:06:20","slug":"goran-prim","status":"publish","type":"page","link":"https:\/\/arcobaleno-noma.hr\/hr\/goran-prim\/","title":{"rendered":"Kreirao: Goran Prim"},"content":{"rendered":"<p><strong>Izvor <a href=\"https:\/\/goo.gl\/maps\/hwgtyxQcyCTdMWme7\" target=\"_blank\" rel=\"noopener\">Google Review<\/a><\/strong><\/p>\n<p><strong><em><span class=\"HwtZe\" lang=\"en\"><span class=\"jCAhz ChMk0b\"><span class=\"ryNqvb\">Ako tra\u017eite oazu mira u u\u017eurbanom dijelu Medulina, u blizini mora, s vlastitim parkirali\u0161tem, s izvrsnom kuhinjom, dopunjenom s vrhunskim vinima i koktelima ljubaznim osobljem restoran Arcobaleno, daje vam priliku da do\u017eivite vrhunsko gastronomsko iskustvo i da izgradite sje\u0107anja za cijeli \u017eivot.<\/span><\/span> <span class=\"jCAhz ChMk0b\"><span class=\"ryNqvb\">Nudi se veliki izbor  jela od mesa, ribe, \u0161koljaka, doma\u0107e tjestenine, vege jela, koja \u0107e vas povesti na nezaboravno gastronomsko putovanje pro\u017eeto mirisima i okusima Istre.<\/span><\/span><\/span><\/em><\/strong><strong><em><br \/>\n<\/em><\/strong><br \/>\n<strong><em>Hrana: 5\/5 | Usluga: 5\/5 | Ugo\u0111aj: 5\/5<\/em><\/strong><\/p>\n<p>goran prim<img decoding=\"async\" src=\"https:\/\/lh3.googleusercontent.com\/a-\/AD_cMMR6XmrLebkKQIztafCI5AdQlmWQvuSPnXAIFX6h8FXxwQ=w60-h60-p-rp-mo-br100\" \/><\/p>","protected":false},"excerpt":{"rendered":"<p>From Google Review If you are looking for an oasis of peace in a busy part of Medulin, near the sea, with its own parking lot, with excellent cuisine, supplemented with top wines and cocktails by friendly staff, the Arcobaleno restaurant gives you the opportunity to have a top gastronomic experience and to build memories [&hellip;]<\/p>","protected":false},"author":2,"featured_media":1119,"parent":0,"menu_order":0,"comment_status":"closed","ping_status":"closed","template":"","meta":{"footnotes":""},"class_list":["post-1114","page","type-page","status-publish","has-post-thumbnail","hentry"],"_links":{"self":[{"href":"https:\/\/arcobaleno-noma.hr\/hr\/wp-json\/wp\/v2\/pages\/1114","targetHints":{"allow":["GET"]}}],"collection":[{"href":"https:\/\/arcobaleno-noma.hr\/hr\/wp-json\/wp\/v2\/pages"}],"about":[{"href":"https:\/\/arcobaleno-noma.hr\/hr\/wp-json\/wp\/v2\/types\/page"}],"author":[{"embeddable":true,"href":"https:\/\/arcobaleno-noma.hr\/hr\/wp-json\/wp\/v2\/users\/2"}],"replies":[{"embeddable":true,"href":"https:\/\/arcobaleno-noma.hr\/hr\/wp-json\/wp\/v2\/comments?post=1114"}],"version-history":[{"count":8,"href":"https:\/\/arcobaleno-noma.hr\/hr\/wp-json\/wp\/v2\/pages\/1114\/revisions"}],"predecessor-version":[{"id":1166,"href":"https:\/\/arcobaleno-noma.hr\/hr\/wp-json\/wp\/v2\/pages\/1114\/revisions\/1166"}],"wp:featuredmedia":[{"embeddable":true,"href":"https:\/\/arcobaleno-noma.hr\/hr\/wp-json\/wp\/v2\/media\/1119"}],"wp:attachment":[{"href":"https:\/\/arcobaleno-noma.hr\/hr\/wp-json\/wp\/v2\/media?parent=1114"}],"curies":[{"name":"wp","href":"https:\/\/api.w.org\/{rel}","templated":true}]}}