{"id":102,"date":"2018-11-15T11:18:34","date_gmt":"2018-11-15T11:18:34","guid":{"rendered":"http:\/\/demo.acmethemes.com\/restaurant-recipe\/?page_id=50"},"modified":"2023-07-03T16:19:56","modified_gmt":"2023-07-03T16:19:56","slug":"credit-cards-accepted","status":"publish","type":"page","link":"https:\/\/arcobaleno-noma.hr\/hr\/credit-cards-accepted\/","title":{"rendered":"Pla\u0107anje karticama"},"content":{"rendered":"<p style=\"text-align: left;\">Vi birate na\u010din pla\u0107anja! Gotovina ili kartica? Prihva\u0107amo sve osim Americana i Dinersa.<\/p>","protected":false},"excerpt":{"rendered":"<p>Vi birate na\u010din pla\u0107anja! Gotovina ili kartica? Prihva\u0107amo sve osim Americana i Dinersa.<\/p>","protected":false},"author":2,"featured_media":906,"parent":0,"menu_order":0,"comment_status":"closed","ping_status":"closed","template":"","meta":{"footnotes":""},"class_list":["post-102","page","type-page","status-publish","has-post-thumbnail","hentry"],"_links":{"self":[{"href":"https:\/\/arcobaleno-noma.hr\/hr\/wp-json\/wp\/v2\/pages\/102","targetHints":{"allow":["GET"]}}],"collection":[{"href":"https:\/\/arcobaleno-noma.hr\/hr\/wp-json\/wp\/v2\/pages"}],"about":[{"href":"https:\/\/arcobaleno-noma.hr\/hr\/wp-json\/wp\/v2\/types\/page"}],"author":[{"embeddable":true,"href":"https:\/\/arcobaleno-noma.hr\/hr\/wp-json\/wp\/v2\/users\/2"}],"replies":[{"embeddable":true,"href":"https:\/\/arcobaleno-noma.hr\/hr\/wp-json\/wp\/v2\/comments?post=102"}],"version-history":[{"count":8,"href":"https:\/\/arcobaleno-noma.hr\/hr\/wp-json\/wp\/v2\/pages\/102\/revisions"}],"predecessor-version":[{"id":905,"href":"https:\/\/arcobaleno-noma.hr\/hr\/wp-json\/wp\/v2\/pages\/102\/revisions\/905"}],"wp:featuredmedia":[{"embeddable":true,"href":"https:\/\/arcobaleno-noma.hr\/hr\/wp-json\/wp\/v2\/media\/906"}],"wp:attachment":[{"href":"https:\/\/arcobaleno-noma.hr\/hr\/wp-json\/wp\/v2\/media?parent=102"}],"curies":[{"name":"wp","href":"https:\/\/api.w.org\/{rel}","templated":true}]}}